{"id":258,"date":"2025-02-19T15:47:04","date_gmt":"2025-02-19T15:47:04","guid":{"rendered":"https:\/\/etc-europe.eu\/juridische-vertaling\/"},"modified":"2025-02-28T15:31:56","modified_gmt":"2025-02-28T15:31:56","slug":"juridische-vertaling","status":"publish","type":"page","link":"https:\/\/etc-europe.eu\/nl\/juridische-vertaling\/","title":{"rendered":"Juridische"},"content":{"rendered":"\t\t<div data-elementor-type=\"wp-page\" data-elementor-id=\"258\" class=\"elementor elementor-258 elementor-121\" data-elementor-post-type=\"page\">\n\t\t\t\t<div class=\"elementor-element elementor-element-8ac61b2 e-con-full background e-flex e-con e-parent\" data-id=\"8ac61b2\" data-element_type=\"container\" data-e-type=\"container\" data-settings=\"{&quot;background_background&quot;:&quot;classic&quot;}\">\n\t\t<div class=\"elementor-element elementor-element-1ae26cc e-con-full e-flex e-con e-child\" data-id=\"1ae26cc\" data-element_type=\"container\" data-e-type=\"container\" data-settings=\"{&quot;background_background&quot;:&quot;gradient&quot;}\">\n\t\t<div class=\"elementor-element elementor-element-eb6766f e-con-full e-flex e-con e-child\" data-id=\"eb6766f\" data-element_type=\"container\" data-e-type=\"container\">\n\t\t<div class=\"elementor-element elementor-element-91b5042 e-con-full elementor-hidden-tablet elementor-hidden-mobile e-flex e-con e-child\" data-id=\"91b5042\" data-element_type=\"container\" data-e-type=\"container\" data-settings=\"{&quot;background_background&quot;:&quot;classic&quot;,&quot;position&quot;:&quot;absolute&quot;}\">\n\t\t\t\t<div class=\"elementor-element elementor-element-171f563 elementor-widget elementor-widget-heading\" data-id=\"171f563\" data-element_type=\"widget\" data-e-type=\"widget\" data-widget_type=\"heading.default\">\n\t\t\t\t<div class=\"elementor-widget-container\">\n\t\t\t\t\t<h2 class=\"elementor-heading-title elementor-size-default\">Een offerte aanvragen<\/h2>\t\t\t\t<\/div>\n\t\t\t\t<\/div>\n\t\t\t\t<\/div>\n\t\t<div class=\"elementor-element elementor-element-78f6aad e-con-full e-flex e-con e-child\" data-id=\"78f6aad\" data-element_type=\"container\" data-e-type=\"container\">\n\t\t\t\t<div class=\"elementor-element elementor-element-76f7878 elementor-icon-list--layout-inline elementor-list-item-link-full_width elementor-widget elementor-widget-icon-list\" data-id=\"76f7878\" data-element_type=\"widget\" data-e-type=\"widget\" data-widget_type=\"icon-list.default\">\n\t\t\t\t<div class=\"elementor-widget-container\">\n\t\t\t\t\t\t\t<ul class=\"elementor-icon-list-items elementor-inline-items\">\n\t\t\t\t\t\t\t<li class=\"elementor-icon-list-item elementor-inline-item\">\n\t\t\t\t\t\t\t\t\t\t\t<a href=\"https:\/\/etc-europe.eu\/nl\/\">\n\n\t\t\t\t\t\t\t\t\t\t\t<span class=\"elementor-icon-list-text\">Home<\/span>\n\t\t\t\t\t\t\t\t\t\t\t<\/a>\n\t\t\t\t\t\t\t\t\t<\/li>\n\t\t\t\t\t\t\t\t<li class=\"elementor-icon-list-item elementor-inline-item\">\n\t\t\t\t\t\t\t\t\t\t\t<span class=\"elementor-icon-list-icon\">\n\t\t\t\t\t\t\t<svg aria-hidden=\"true\" class=\"e-font-icon-svg e-fas-chevron-right\" viewBox=\"0 0 320 512\" xmlns=\"http:\/\/www.w3.org\/2000\/svg\"><path d=\"M285.476 272.971L91.132 467.314c-9.373 9.373-24.569 9.373-33.941 0l-22.667-22.667c-9.357-9.357-9.375-24.522-.04-33.901L188.505 256 34.484 101.255c-9.335-9.379-9.317-24.544.04-33.901l22.667-22.667c9.373-9.373 24.569-9.373 33.941 0L285.475 239.03c9.373 9.372 9.373 24.568.001 33.941z\"><\/path><\/svg>\t\t\t\t\t\t<\/span>\n\t\t\t\t\t\t\t\t\t\t<span class=\"elementor-icon-list-text\"><\/span>\n\t\t\t\t\t\t\t\t\t<\/li>\n\t\t\t\t\t\t<\/ul>\n\t\t\t\t\t\t<\/div>\n\t\t\t\t<\/div>\n\t\t\t\t<\/div>\n\t\t<div class=\"elementor-element elementor-element-c52a1e1 e-con-full e-flex e-con e-child\" data-id=\"c52a1e1\" data-element_type=\"container\" data-e-type=\"container\" data-settings=\"{&quot;background_background&quot;:&quot;classic&quot;}\">\n\t\t\t\t<div class=\"elementor-element elementor-element-a22f929 elementor-widget elementor-widget-heading\" data-id=\"a22f929\" data-element_type=\"widget\" data-e-type=\"widget\" data-widget_type=\"heading.default\">\n\t\t\t\t<div class=\"elementor-widget-container\">\n\t\t\t\t\t<h1 class=\"elementor-heading-title elementor-size-default\">juridische-vertaling<\/h1>\t\t\t\t<\/div>\n\t\t\t\t<\/div>\n\t\t\t\t<\/div>\n\t\t<div class=\"elementor-element elementor-element-8f623ce e-con-full e-flex e-con e-child\" data-id=\"8f623ce\" data-element_type=\"container\" data-e-type=\"container\">\n\t\t\t\t<div class=\"elementor-element elementor-element-e78f341 elementor-widget elementor-widget-text-editor\" data-id=\"e78f341\" data-element_type=\"widget\" data-e-type=\"widget\" data-widget_type=\"text-editor.default\">\n\t\t\t\t<div class=\"elementor-widget-container\">\n\t\t\t\t\t\t\t\t\t<p>ETC Europe levert juridische vertalingen van de hoogste kwaliteit. Onze juridische vertalers zijn in veel gevallen<br>zelf jurist en hebben een uitstekende beheersing van de juridische terminologie. Zij hebben bovendien een grondige kennis van de verschillende rechtssystemen en \u2013culturen; belangrijk voor de juiste interpretatie en vertaling van juridische teksten.  <\/p>\t\t\t\t\t\t\t\t<\/div>\n\t\t\t\t<\/div>\n\t\t\t\t<div class=\"elementor-element elementor-element-8845f7f elementor-widget__width-inherit elementor-widget elementor-widget-heading\" data-id=\"8845f7f\" data-element_type=\"widget\" data-e-type=\"widget\" data-widget_type=\"heading.default\">\n\t\t\t\t<div class=\"elementor-widget-container\">\n\t\t\t\t\t<h2 class=\"elementor-heading-title elementor-size-default\">Kwaliteit<\/h2>\t\t\t\t<\/div>\n\t\t\t\t<\/div>\n\t\t\t\t<div class=\"elementor-element elementor-element-3270449 elementor-widget elementor-widget-text-editor\" data-id=\"3270449\" data-element_type=\"widget\" data-e-type=\"widget\" data-widget_type=\"text-editor.default\">\n\t\t\t\t<div class=\"elementor-widget-container\">\n\t\t\t\t\t\t\t\t\t<p>Bij juridische teksten is een getrouwe en correcte vertaling van groot belang. Fouten in een juridische vertaling kunnen immers grote gevolgen hebben. ETC Europe hanteert zeer stringente kwaliteitsprocedures om u de best mogelijke juridische vertalingen te leveren. ETC Europe werkt comform de procedures van ISO 9001 en NEN EN 15038. Concreet betekent dit:   <\/p><ul><li>Uw teksten worden vertaald door vertalers met een juridische achtergrond.<\/li><li>Elke vertaling wordt gecontroleerd door een tweede juridische vertaler.<\/li><li>U kunt te allen tijde een beroep doen op onze klantenservice met vragen, opmerkingen of klachten.<\/li><\/ul>\t\t\t\t\t\t\t\t<\/div>\n\t\t\t\t<\/div>\n\t\t\t\t<div class=\"elementor-element elementor-element-051bb87 elementor-widget__width-inherit elementor-widget elementor-widget-heading\" data-id=\"051bb87\" data-element_type=\"widget\" data-e-type=\"widget\" data-widget_type=\"heading.default\">\n\t\t\t\t<div class=\"elementor-widget-container\">\n\t\t\t\t\t<h2 class=\"elementor-heading-title elementor-size-default\">Vertrouwelijkheid<\/h2>\t\t\t\t<\/div>\n\t\t\t\t<\/div>\n\t\t\t\t<div class=\"elementor-element elementor-element-46ceb53 elementor-widget elementor-widget-text-editor\" data-id=\"46ceb53\" data-element_type=\"widget\" data-e-type=\"widget\" data-widget_type=\"text-editor.default\">\n\t\t\t\t<div class=\"elementor-widget-container\">\n\t\t\t\t\t\t\t\t\t<p>Vanzelfsprekend behandelen wij uw juridische teksten met absolute vertrouwelijkheid. Al onze medewerkers hebben een geheimhoudingsverklaring ondertekend. Wij werken binnen een beveiligde IT-omgeving. Op verzoek kunnen wij een door u of ons opgestelde geheimhoudingsverklaring ondertekenen.   <\/p>\t\t\t\t\t\t\t\t<\/div>\n\t\t\t\t<\/div>\n\t\t\t\t<div class=\"elementor-element elementor-element-a234e23 elementor-widget__width-inherit elementor-widget elementor-widget-heading\" data-id=\"a234e23\" data-element_type=\"widget\" data-e-type=\"widget\" data-widget_type=\"heading.default\">\n\t\t\t\t<div class=\"elementor-widget-container\">\n\t\t\t\t\t<h2 class=\"elementor-heading-title elementor-size-default\">Be\u00ebdiging\n<\/h2>\t\t\t\t<\/div>\n\t\t\t\t<\/div>\n\t\t\t\t<div class=\"elementor-element elementor-element-de598e8 elementor-widget elementor-widget-text-editor\" data-id=\"de598e8\" data-element_type=\"widget\" data-e-type=\"widget\" data-widget_type=\"text-editor.default\">\n\t\t\t\t<div class=\"elementor-widget-container\">\n\t\t\t\t\t\t\t\t\t<p>Als uw vertaalde document voor juridische doeleinden worden gebruikt, is vaak een be\u00ebdigde vertaling vereist. Een be\u00ebdigde vertaling wordt (fysiek) gekoppeld aan het oorspronkelijke document en voorzien van een zegel en een verklaring van de be\u00ebdigde vertaler. Hiermee krijgt het vertaalde document de gewenste offici\u00eble status. ETC Europe levert be\u00ebdigde vertalingen voor een groot aantal Europese talen, evenals voor een beperkt aantal andere talen.   <\/p>\t\t\t\t\t\t\t\t<\/div>\n\t\t\t\t<\/div>\n\t\t\t\t<div class=\"elementor-element elementor-element-8520979 elementor-widget__width-inherit elementor-widget elementor-widget-heading\" data-id=\"8520979\" data-element_type=\"widget\" data-e-type=\"widget\" data-widget_type=\"heading.default\">\n\t\t\t\t<div class=\"elementor-widget-container\">\n\t\t\t\t\t<h2 class=\"elementor-heading-title elementor-size-default\">Legalisatie<\/h2>\t\t\t\t<\/div>\n\t\t\t\t<\/div>\n\t\t\t\t<div class=\"elementor-element elementor-element-beab1bd elementor-widget elementor-widget-text-editor\" data-id=\"beab1bd\" data-element_type=\"widget\" data-e-type=\"widget\" data-widget_type=\"text-editor.default\">\n\t\t\t\t<div class=\"elementor-widget-container\">\n\t\t\t\t\t\t\t\t\t<div id=\"main\" class=\"clearfix\"><article class=\"content\"><p>Als de vertaalde documenten moeten worden ingeleverd bij offici\u00eble instanties, moet de be\u00ebdigde vertaling ook gelegaliseerd worden. Bij legalisatie moet ook de handtekening van de vertaler officieel bevestigd worden door de bevoegde autoriteiten van het land waar de vertaler woont. Legalisatie is vaak een omslachtig proces, waar in de meeste landen meerdere instanties bij betrokken zijn, zoals de Rechtbank en het Ministerie van Buitenlandse Zaken.  <\/p><\/article><\/div><footer><div class=\"addressblock\"><div class=\"textwidget\"> <\/div><\/div><\/footer>\t\t\t\t\t\t\t\t<\/div>\n\t\t\t\t<\/div>\n\t\t\t\t<\/div>\n\t\t\t\t<\/div>\n\t\t\t\t<\/div>\n\t\t\t\t<\/div>\n\t\t\t\t<\/div>\n\t\t","protected":false},"excerpt":{"rendered":"<p>Een offerte aanvragen Home juridische-vertaling ETC Europe levert juridische vertalingen van de hoogste kwaliteit. Onze juridische vertalers zijn in veel gevallenzelf jurist en hebben een uitstekende beheersing van de juridische terminologie. Zij hebben bovendien een grondige kennis van de verschillende rechtssystemen en \u2013culturen; belangrijk voor de juiste interpretatie en vertaling van juridische teksten. Kwaliteit Bij [&hellip;]<\/p>\n","protected":false},"author":1,"featured_media":0,"parent":0,"menu_order":0,"comment_status":"closed","ping_status":"closed","template":"","meta":{"footnotes":""},"class_list":["post-258","page","type-page","status-publish","hentry"],"_links":{"self":[{"href":"https:\/\/etc-europe.eu\/nl\/wp-json\/wp\/v2\/pages\/258","targetHints":{"allow":["GET"]}}],"collection":[{"href":"https:\/\/etc-europe.eu\/nl\/wp-json\/wp\/v2\/pages"}],"about":[{"href":"https:\/\/etc-europe.eu\/nl\/wp-json\/wp\/v2\/types\/page"}],"author":[{"embeddable":true,"href":"https:\/\/etc-europe.eu\/nl\/wp-json\/wp\/v2\/users\/1"}],"replies":[{"embeddable":true,"href":"https:\/\/etc-europe.eu\/nl\/wp-json\/wp\/v2\/comments?post=258"}],"version-history":[{"count":3,"href":"https:\/\/etc-europe.eu\/nl\/wp-json\/wp\/v2\/pages\/258\/revisions"}],"predecessor-version":[{"id":461,"href":"https:\/\/etc-europe.eu\/nl\/wp-json\/wp\/v2\/pages\/258\/revisions\/461"}],"wp:attachment":[{"href":"https:\/\/etc-europe.eu\/nl\/wp-json\/wp\/v2\/media?parent=258"}],"curies":[{"name":"wp","href":"https:\/\/api.w.org\/{rel}","templated":true}]}}