{"id":412,"date":"2025-02-28T13:07:49","date_gmt":"2025-02-28T13:07:49","guid":{"rendered":"https:\/\/etc-europe.eu\/financial-translation\/"},"modified":"2025-02-28T15:29:55","modified_gmt":"2025-02-28T15:29:55","slug":"financiele-vertaling","status":"publish","type":"page","link":"https:\/\/etc-europe.eu\/nl\/financiele-vertaling\/","title":{"rendered":"Financi\u00eble"},"content":{"rendered":"\t\t<div data-elementor-type=\"wp-page\" data-elementor-id=\"412\" class=\"elementor elementor-412 elementor-253\" data-elementor-post-type=\"page\">\n\t\t\t\t<div class=\"elementor-element elementor-element-8ac61b2 e-con-full background e-flex e-con e-parent\" data-id=\"8ac61b2\" data-element_type=\"container\" data-e-type=\"container\" data-settings=\"{&quot;background_background&quot;:&quot;classic&quot;}\">\n\t\t<div class=\"elementor-element elementor-element-1ae26cc e-con-full e-flex e-con e-child\" data-id=\"1ae26cc\" data-element_type=\"container\" data-e-type=\"container\" data-settings=\"{&quot;background_background&quot;:&quot;gradient&quot;}\">\n\t\t<div class=\"elementor-element elementor-element-eb6766f e-con-full e-flex e-con e-child\" data-id=\"eb6766f\" data-element_type=\"container\" data-e-type=\"container\">\n\t\t<div class=\"elementor-element elementor-element-91b5042 e-con-full elementor-hidden-tablet elementor-hidden-mobile e-flex e-con e-child\" data-id=\"91b5042\" data-element_type=\"container\" data-e-type=\"container\" data-settings=\"{&quot;background_background&quot;:&quot;classic&quot;,&quot;position&quot;:&quot;absolute&quot;}\">\n\t\t\t\t<div class=\"elementor-element elementor-element-171f563 elementor-widget elementor-widget-heading\" data-id=\"171f563\" data-element_type=\"widget\" data-e-type=\"widget\" data-widget_type=\"heading.default\">\n\t\t\t\t<div class=\"elementor-widget-container\">\n\t\t\t\t\t<h2 class=\"elementor-heading-title elementor-size-default\">Een offerte aanvragen<\/h2>\t\t\t\t<\/div>\n\t\t\t\t<\/div>\n\t\t\t\t<\/div>\n\t\t<div class=\"elementor-element elementor-element-78f6aad e-con-full e-flex e-con e-child\" data-id=\"78f6aad\" data-element_type=\"container\" data-e-type=\"container\">\n\t\t\t\t<div class=\"elementor-element elementor-element-76f7878 elementor-icon-list--layout-inline elementor-list-item-link-full_width elementor-widget elementor-widget-icon-list\" data-id=\"76f7878\" data-element_type=\"widget\" data-e-type=\"widget\" data-widget_type=\"icon-list.default\">\n\t\t\t\t<div class=\"elementor-widget-container\">\n\t\t\t\t\t\t\t<ul class=\"elementor-icon-list-items elementor-inline-items\">\n\t\t\t\t\t\t\t<li class=\"elementor-icon-list-item elementor-inline-item\">\n\t\t\t\t\t\t\t\t\t\t\t<a href=\"https:\/\/etc-europe.eu\/nl\/\">\n\n\t\t\t\t\t\t\t\t\t\t\t<span class=\"elementor-icon-list-text\">Home<\/span>\n\t\t\t\t\t\t\t\t\t\t\t<\/a>\n\t\t\t\t\t\t\t\t\t<\/li>\n\t\t\t\t\t\t\t\t<li class=\"elementor-icon-list-item elementor-inline-item\">\n\t\t\t\t\t\t\t\t\t\t\t<span class=\"elementor-icon-list-icon\">\n\t\t\t\t\t\t\t<svg aria-hidden=\"true\" class=\"e-font-icon-svg e-fas-chevron-right\" viewBox=\"0 0 320 512\" xmlns=\"http:\/\/www.w3.org\/2000\/svg\"><path d=\"M285.476 272.971L91.132 467.314c-9.373 9.373-24.569 9.373-33.941 0l-22.667-22.667c-9.357-9.357-9.375-24.522-.04-33.901L188.505 256 34.484 101.255c-9.335-9.379-9.317-24.544.04-33.901l22.667-22.667c9.373-9.373 24.569-9.373 33.941 0L285.475 239.03c9.373 9.372 9.373 24.568.001 33.941z\"><\/path><\/svg>\t\t\t\t\t\t<\/span>\n\t\t\t\t\t\t\t\t\t\t<span class=\"elementor-icon-list-text\"><\/span>\n\t\t\t\t\t\t\t\t\t<\/li>\n\t\t\t\t\t\t<\/ul>\n\t\t\t\t\t\t<\/div>\n\t\t\t\t<\/div>\n\t\t\t\t<\/div>\n\t\t<div class=\"elementor-element elementor-element-c52a1e1 e-con-full e-flex e-con e-child\" data-id=\"c52a1e1\" data-element_type=\"container\" data-e-type=\"container\" data-settings=\"{&quot;background_background&quot;:&quot;classic&quot;}\">\n\t\t\t\t<div class=\"elementor-element elementor-element-a22f929 elementor-widget elementor-widget-heading\" data-id=\"a22f929\" data-element_type=\"widget\" data-e-type=\"widget\" data-widget_type=\"heading.default\">\n\t\t\t\t<div class=\"elementor-widget-container\">\n\t\t\t\t\t<h1 class=\"elementor-heading-title elementor-size-default\">FINANCI\u00cbLE VERTALING<\/h1>\t\t\t\t<\/div>\n\t\t\t\t<\/div>\n\t\t\t\t<\/div>\n\t\t<div class=\"elementor-element elementor-element-8f623ce e-con-full e-flex e-con e-child\" data-id=\"8f623ce\" data-element_type=\"container\" data-e-type=\"container\">\n\t\t\t\t<div class=\"elementor-element elementor-element-e78f341 elementor-widget elementor-widget-text-editor\" data-id=\"e78f341\" data-element_type=\"widget\" data-e-type=\"widget\" data-widget_type=\"text-editor.default\">\n\t\t\t\t<div class=\"elementor-widget-container\">\n\t\t\t\t\t\t\t\t\t<p>De financi\u00eble vertaalexperts van ETC Europe zijn echte specialisten op het gebied van financi\u00eble terminologie. Naast taalkundige kwaliteiten beschikken zij over uitgebreide kennis van de financi\u00eble wereld. Zij hebben een diepgaand inzicht in financi\u00eble en economische teksten. Jaarverslagen worden bijvoorbeeld altijd volgens de International Financial Reporting Standards (IFRS) vertaald. Vakkennis is onontbeerlijk, daarom selecteert ETC Europe altijd de meest geschikte vertaler met de juiste expertise voor de financi\u00eble vertaling van uw teksten. Alle vertalingen worden standaard gecontroleerd door een revisor met vergelijkbare kwalificaties en ervaring.     <\/p>\t\t\t\t\t\t\t\t<\/div>\n\t\t\t\t<\/div>\n\t\t\t\t<div class=\"elementor-element elementor-element-8845f7f elementor-widget__width-inherit elementor-widget elementor-widget-heading\" data-id=\"8845f7f\" data-element_type=\"widget\" data-e-type=\"widget\" data-widget_type=\"heading.default\">\n\t\t\t\t<div class=\"elementor-widget-container\">\n\t\t\t\t\t<h2 class=\"elementor-heading-title elementor-size-default\">Korte levertijden<\/h2>\t\t\t\t<\/div>\n\t\t\t\t<\/div>\n\t\t\t\t<div class=\"elementor-element elementor-element-3270449 elementor-widget elementor-widget-text-editor\" data-id=\"3270449\" data-element_type=\"widget\" data-e-type=\"widget\" data-widget_type=\"text-editor.default\">\n\t\t\t\t<div class=\"elementor-widget-container\">\n\t\t\t\t\t\t\t\t\t<p>Naast kwaliteit staat ETC Europe ook voor snelheid. Uw financi\u00eble vertaling wordt standaard binnen korte termijn afgeleverd. Daarnaast werken wij dagelijks aan financi\u00eble spoedprojecten. Door ons uitgebreide wereldwijde netwerk van bijna drieduizend professionele vertalers hebben wij een zeer ruime capaciteit. Wanneer dat nodig is, werken onze vertalers ook in het weekend, \u2019s avonds en \u2019s nachts aan uw teksten. Meerdere vertalers kunnen tegelijkertijd aan de vertaling van uw teksten werken. De korte levertijden gelden ook voor meertalige vertaalprojecten. Onze accountmanagers informeren u graag over de mogelijkheden.       <\/p>\t\t\t\t\t\t\t\t<\/div>\n\t\t\t\t<\/div>\n\t\t\t\t<div class=\"elementor-element elementor-element-051bb87 elementor-widget__width-inherit elementor-widget elementor-widget-heading\" data-id=\"051bb87\" data-element_type=\"widget\" data-e-type=\"widget\" data-widget_type=\"heading.default\">\n\t\t\t\t<div class=\"elementor-widget-container\">\n\t\t\t\t\t<h2 class=\"elementor-heading-title elementor-size-default\"> Oog voor detail\n<\/h2>\t\t\t\t<\/div>\n\t\t\t\t<\/div>\n\t\t\t\t<div class=\"elementor-element elementor-element-46ceb53 elementor-widget elementor-widget-text-editor\" data-id=\"46ceb53\" data-element_type=\"widget\" data-e-type=\"widget\" data-widget_type=\"text-editor.default\">\n\t\t\t\t<div class=\"elementor-widget-container\">\n\t\t\t\t\t\t\t\t\t<p>Bij het vertalen van financi\u00eble en economische teksten zijn de kleinste details van groot belang. Een verkeerd geplaatste punt of komma kan grote gevolgen hebben. Ook het doorvoeren van kleine wijzigingen in uw financi\u00eble vertaling onderschatten wij nooit. Om er helemaal zeker van te zijn dat alle details kloppen, wordt de vertaling daarom altijd door een onafhankelijke financi\u00eble revisor nagekeken op volledigheid, grammatica, spelling en juistheid.   <\/p>\t\t\t\t\t\t\t\t<\/div>\n\t\t\t\t<\/div>\n\t\t\t\t<div class=\"elementor-element elementor-element-a234e23 elementor-widget__width-inherit elementor-widget elementor-widget-heading\" data-id=\"a234e23\" data-element_type=\"widget\" data-e-type=\"widget\" data-widget_type=\"heading.default\">\n\t\t\t\t<div class=\"elementor-widget-container\">\n\t\t\t\t\t<h2 class=\"elementor-heading-title elementor-size-default\"> Vertrouwelijkheid<\/h2>\t\t\t\t<\/div>\n\t\t\t\t<\/div>\n\t\t\t\t<div class=\"elementor-element elementor-element-de598e8 elementor-widget elementor-widget-text-editor\" data-id=\"de598e8\" data-element_type=\"widget\" data-e-type=\"widget\" data-widget_type=\"text-editor.default\">\n\t\t\t\t<div class=\"elementor-widget-container\">\n\t\t\t\t\t\t\t\t\t<p>Absolute vertrouwelijkheid is gedurende het hele vertaalproces en erna gegarandeerd. Al onze medewerkers hebben een geheimhoudingsverklaring ondertekend. Op verzoek kunnen wij een door u of ons opgestelde geheimhoudingsverklaring ondertekenen.  <\/p>\t\t\t\t\t\t\t\t<\/div>\n\t\t\t\t<\/div>\n\t\t\t\t<\/div>\n\t\t\t\t<\/div>\n\t\t\t\t<\/div>\n\t\t\t\t<\/div>\n\t\t\t\t<\/div>\n\t\t","protected":false},"excerpt":{"rendered":"<p>Een offerte aanvragen Home FINANCI\u00cbLE VERTALING De financi\u00eble vertaalexperts van ETC Europe zijn echte specialisten op het gebied van financi\u00eble terminologie. Naast taalkundige kwaliteiten beschikken zij over uitgebreide kennis van de financi\u00eble wereld. Zij hebben een diepgaand inzicht in financi\u00eble en economische teksten. Jaarverslagen worden bijvoorbeeld altijd volgens de International Financial Reporting Standards (IFRS) vertaald. [&hellip;]<\/p>\n","protected":false},"author":2,"featured_media":0,"parent":0,"menu_order":0,"comment_status":"closed","ping_status":"closed","template":"","meta":{"footnotes":""},"class_list":["post-412","page","type-page","status-publish","hentry"],"_links":{"self":[{"href":"https:\/\/etc-europe.eu\/nl\/wp-json\/wp\/v2\/pages\/412","targetHints":{"allow":["GET"]}}],"collection":[{"href":"https:\/\/etc-europe.eu\/nl\/wp-json\/wp\/v2\/pages"}],"about":[{"href":"https:\/\/etc-europe.eu\/nl\/wp-json\/wp\/v2\/types\/page"}],"author":[{"embeddable":true,"href":"https:\/\/etc-europe.eu\/nl\/wp-json\/wp\/v2\/users\/2"}],"replies":[{"embeddable":true,"href":"https:\/\/etc-europe.eu\/nl\/wp-json\/wp\/v2\/comments?post=412"}],"version-history":[{"count":3,"href":"https:\/\/etc-europe.eu\/nl\/wp-json\/wp\/v2\/pages\/412\/revisions"}],"predecessor-version":[{"id":473,"href":"https:\/\/etc-europe.eu\/nl\/wp-json\/wp\/v2\/pages\/412\/revisions\/473"}],"wp:attachment":[{"href":"https:\/\/etc-europe.eu\/nl\/wp-json\/wp\/v2\/media?parent=412"}],"curies":[{"name":"wp","href":"https:\/\/api.w.org\/{rel}","templated":true}]}}