{"id":455,"date":"2025-02-28T13:50:09","date_gmt":"2025-02-28T13:50:09","guid":{"rendered":"https:\/\/etc-europe.eu\/interpretation\/"},"modified":"2025-02-28T15:31:51","modified_gmt":"2025-02-28T15:31:51","slug":"tolken","status":"publish","type":"page","link":"https:\/\/etc-europe.eu\/nl\/tolken\/","title":{"rendered":"Tolken"},"content":{"rendered":"\t\t<div data-elementor-type=\"wp-page\" data-elementor-id=\"455\" class=\"elementor elementor-455 elementor-340\" data-elementor-post-type=\"page\">\n\t\t\t\t<div class=\"elementor-element elementor-element-8ac61b2 e-con-full background e-flex e-con e-parent\" data-id=\"8ac61b2\" data-element_type=\"container\" data-e-type=\"container\" data-settings=\"{&quot;background_background&quot;:&quot;classic&quot;}\">\n\t\t<div class=\"elementor-element elementor-element-1ae26cc e-con-full e-flex e-con e-child\" data-id=\"1ae26cc\" data-element_type=\"container\" data-e-type=\"container\" data-settings=\"{&quot;background_background&quot;:&quot;gradient&quot;}\">\n\t\t<div class=\"elementor-element elementor-element-eb6766f e-con-full e-flex e-con e-child\" data-id=\"eb6766f\" data-element_type=\"container\" data-e-type=\"container\">\n\t\t<div class=\"elementor-element elementor-element-91b5042 e-con-full elementor-hidden-tablet elementor-hidden-mobile e-flex e-con e-child\" data-id=\"91b5042\" data-element_type=\"container\" data-e-type=\"container\" data-settings=\"{&quot;background_background&quot;:&quot;classic&quot;,&quot;position&quot;:&quot;absolute&quot;}\">\n\t\t\t\t<div class=\"elementor-element elementor-element-171f563 elementor-widget elementor-widget-heading\" data-id=\"171f563\" data-element_type=\"widget\" data-e-type=\"widget\" data-widget_type=\"heading.default\">\n\t\t\t\t<div class=\"elementor-widget-container\">\n\t\t\t\t\t<h2 class=\"elementor-heading-title elementor-size-default\">Een offerte aanvragen<\/h2>\t\t\t\t<\/div>\n\t\t\t\t<\/div>\n\t\t\t\t<\/div>\n\t\t<div class=\"elementor-element elementor-element-78f6aad e-con-full e-flex e-con e-child\" data-id=\"78f6aad\" data-element_type=\"container\" data-e-type=\"container\">\n\t\t\t\t<div class=\"elementor-element elementor-element-76f7878 elementor-icon-list--layout-inline elementor-list-item-link-full_width elementor-widget elementor-widget-icon-list\" data-id=\"76f7878\" data-element_type=\"widget\" data-e-type=\"widget\" data-widget_type=\"icon-list.default\">\n\t\t\t\t<div class=\"elementor-widget-container\">\n\t\t\t\t\t\t\t<ul class=\"elementor-icon-list-items elementor-inline-items\">\n\t\t\t\t\t\t\t<li class=\"elementor-icon-list-item elementor-inline-item\">\n\t\t\t\t\t\t\t\t\t\t\t<a href=\"https:\/\/etc-europe.eu\/nl\/\">\n\n\t\t\t\t\t\t\t\t\t\t\t<span class=\"elementor-icon-list-text\">Home<\/span>\n\t\t\t\t\t\t\t\t\t\t\t<\/a>\n\t\t\t\t\t\t\t\t\t<\/li>\n\t\t\t\t\t\t\t\t<li class=\"elementor-icon-list-item elementor-inline-item\">\n\t\t\t\t\t\t\t\t\t\t\t<span class=\"elementor-icon-list-icon\">\n\t\t\t\t\t\t\t<svg aria-hidden=\"true\" class=\"e-font-icon-svg e-fas-chevron-right\" viewBox=\"0 0 320 512\" xmlns=\"http:\/\/www.w3.org\/2000\/svg\"><path d=\"M285.476 272.971L91.132 467.314c-9.373 9.373-24.569 9.373-33.941 0l-22.667-22.667c-9.357-9.357-9.375-24.522-.04-33.901L188.505 256 34.484 101.255c-9.335-9.379-9.317-24.544.04-33.901l22.667-22.667c9.373-9.373 24.569-9.373 33.941 0L285.475 239.03c9.373 9.372 9.373 24.568.001 33.941z\"><\/path><\/svg>\t\t\t\t\t\t<\/span>\n\t\t\t\t\t\t\t\t\t\t<span class=\"elementor-icon-list-text\"><\/span>\n\t\t\t\t\t\t\t\t\t<\/li>\n\t\t\t\t\t\t<\/ul>\n\t\t\t\t\t\t<\/div>\n\t\t\t\t<\/div>\n\t\t\t\t<\/div>\n\t\t<div class=\"elementor-element elementor-element-c52a1e1 e-con-full e-flex e-con e-child\" data-id=\"c52a1e1\" data-element_type=\"container\" data-e-type=\"container\" data-settings=\"{&quot;background_background&quot;:&quot;classic&quot;}\">\n\t\t\t\t<div class=\"elementor-element elementor-element-a22f929 elementor-widget elementor-widget-heading\" data-id=\"a22f929\" data-element_type=\"widget\" data-e-type=\"widget\" data-widget_type=\"heading.default\">\n\t\t\t\t<div class=\"elementor-widget-container\">\n\t\t\t\t\t<h1 class=\"elementor-heading-title elementor-size-default\"> TOLKEN<\/h1>\t\t\t\t<\/div>\n\t\t\t\t<\/div>\n\t\t\t\t<\/div>\n\t\t<div class=\"elementor-element elementor-element-8f623ce e-con-full e-flex e-con e-child\" data-id=\"8f623ce\" data-element_type=\"container\" data-e-type=\"container\">\n\t\t\t\t<div class=\"elementor-element elementor-element-e78f341 elementor-widget elementor-widget-text-editor\" data-id=\"e78f341\" data-element_type=\"widget\" data-e-type=\"widget\" data-widget_type=\"text-editor.default\">\n\t\t\t\t<div class=\"elementor-widget-container\">\n\t\t\t\t\t\t\t\t\t<p>Een tolk van ETC Europe is uw beste keuze als het gaat om het vertalen van gesproken tekst. Onze tolken hebben een uitmuntende taalbeheersing, zijn zeer nauwkeurig en voelen zich thuis in elke situatie. Wij verzorgen bovendien alle logistieke aspecten voor u, zoals vervoer, apparatuur en tolkcabines.  <\/p>\t\t\t\t\t\t\t\t<\/div>\n\t\t\t\t<\/div>\n\t\t\t\t<div class=\"elementor-element elementor-element-8845f7f elementor-widget__width-inherit elementor-widget elementor-widget-heading\" data-id=\"8845f7f\" data-element_type=\"widget\" data-e-type=\"widget\" data-widget_type=\"heading.default\">\n\t\t\t\t<div class=\"elementor-widget-container\">\n\t\t\t\t\t<h2 class=\"elementor-heading-title elementor-size-default\">Verschillende soorten tolken\n<\/h2>\t\t\t\t<\/div>\n\t\t\t\t<\/div>\n\t\t\t\t<div class=\"elementor-element elementor-element-3270449 elementor-widget elementor-widget-text-editor\" data-id=\"3270449\" data-element_type=\"widget\" data-e-type=\"widget\" data-widget_type=\"text-editor.default\">\n\t\t\t\t<div class=\"elementor-widget-container\">\n\t\t\t\t\t\t\t\t\t<p>Voordat u een tolk inhuurt, is het belangrijk om te bepalen in welke situatie de tolk moet functioneren.<\/p>\t\t\t\t\t\t\t\t<\/div>\n\t\t\t\t<\/div>\n\t\t\t\t<div class=\"elementor-element elementor-element-051bb87 elementor-widget__width-inherit elementor-widget elementor-widget-heading\" data-id=\"051bb87\" data-element_type=\"widget\" data-e-type=\"widget\" data-widget_type=\"heading.default\">\n\t\t\t\t<div class=\"elementor-widget-container\">\n\t\t\t\t\t<h2 class=\"elementor-heading-title elementor-size-default\"> Congres of conferentie\n<\/h2>\t\t\t\t<\/div>\n\t\t\t\t<\/div>\n\t\t\t\t<div class=\"elementor-element elementor-element-46ceb53 elementor-widget elementor-widget-text-editor\" data-id=\"46ceb53\" data-element_type=\"widget\" data-e-type=\"widget\" data-widget_type=\"text-editor.default\">\n\t\t\t\t<div class=\"elementor-widget-container\">\n\t\t\t\t\t\t\t\t\t<p>Voor grootschalige bijeenkomsten met veel deelnemers die verschillende talen spreken, hebben wij tolken die zijn gespecialiseerd in gelijktijdige (simultane) mondelinge vertaling. Zij zijn gewend om te werken met apparatuur en tolkcabines. De deelnemers van de bijeenkomst krijgen de vertaling van de spreker te horen via een koptelefoon.   <\/p>\t\t\t\t\t\t\t\t<\/div>\n\t\t\t\t<\/div>\n\t\t\t\t<div class=\"elementor-element elementor-element-a234e23 elementor-widget__width-inherit elementor-widget elementor-widget-heading\" data-id=\"a234e23\" data-element_type=\"widget\" data-e-type=\"widget\" data-widget_type=\"heading.default\">\n\t\t\t\t<div class=\"elementor-widget-container\">\n\t\t\t\t\t<h2 class=\"elementor-heading-title elementor-size-default\"> Vergaderingen en presentaties<\/h2>\t\t\t\t<\/div>\n\t\t\t\t<\/div>\n\t\t\t\t<div class=\"elementor-element elementor-element-de598e8 elementor-widget elementor-widget-text-editor\" data-id=\"de598e8\" data-element_type=\"widget\" data-e-type=\"widget\" data-widget_type=\"text-editor.default\">\n\t\t\t\t<div class=\"elementor-widget-container\">\n\t\t\t\t\t\t\t\t\t<p>Bij kleinere bijeenkomsten als vergaderingen en presentaties wordt vaak gebruik gemaakt van consecutief tolken, waarbij de tolk de spreker \u2018volgt\u2019. De spreker en de tolk wisselen elkaar af. Wij maken voor alle situaties zo veel mogelijk gebruik van tolken die een gedegen kennis hebben van het vakgebied van de deelnemers aan de bijeenkomst. <br data-mce-bogus=\"1\">  <\/p>\t\t\t\t\t\t\t\t<\/div>\n\t\t\t\t<\/div>\n\t\t\t\t<div class=\"elementor-element elementor-element-8520979 elementor-widget__width-inherit elementor-widget elementor-widget-heading\" data-id=\"8520979\" data-element_type=\"widget\" data-e-type=\"widget\" data-widget_type=\"heading.default\">\n\t\t\t\t<div class=\"elementor-widget-container\">\n\t\t\t\t\t<h2 class=\"elementor-heading-title elementor-size-default\"> Interviews en verhoren\n<\/h2>\t\t\t\t<\/div>\n\t\t\t\t<\/div>\n\t\t\t\t<div class=\"elementor-element elementor-element-beab1bd elementor-widget elementor-widget-text-editor\" data-id=\"beab1bd\" data-element_type=\"widget\" data-e-type=\"widget\" data-widget_type=\"text-editor.default\">\n\t\t\t\t<div class=\"elementor-widget-container\">\n\t\t\t\t\t\t\t\t\t<div id=\"main\" class=\"clearfix\"><article class=\"content\"><p>Bij interviews en verhoren is de tolk het medium tussen de vragensteller en degene die de vragen beantwoordt. De tolk vertaalt de vraag voor de ge\u00efnterviewde, luistert naar het antwoord en vertaalt dit vervolgens weer voor de vragensteller. Voor offici\u00eble verhoren, zoals voor de politie en de immigratie- en naturalisatiedienst, hebben wij be\u00ebdigde tolken beschikbaar.  <\/p><\/article><\/div><footer><div class=\"addressblock\"><div class=\"textwidget\"> <\/div><\/div><\/footer>\t\t\t\t\t\t\t\t<\/div>\n\t\t\t\t<\/div>\n\t\t\t\t<div class=\"elementor-element elementor-element-65051e6 elementor-widget__width-inherit elementor-widget elementor-widget-heading\" data-id=\"65051e6\" data-element_type=\"widget\" data-e-type=\"widget\" data-widget_type=\"heading.default\">\n\t\t\t\t<div class=\"elementor-widget-container\">\n\t\t\t\t\t<h2 class=\"elementor-heading-title elementor-size-default\"> Bij de notaris\n<\/h2>\t\t\t\t<\/div>\n\t\t\t\t<\/div>\n\t\t\t\t<div class=\"elementor-element elementor-element-cf0bda5 elementor-widget elementor-widget-text-editor\" data-id=\"cf0bda5\" data-element_type=\"widget\" data-e-type=\"widget\" data-widget_type=\"text-editor.default\">\n\t\t\t\t<div class=\"elementor-widget-container\">\n\t\t\t\t\t\t\t\t\t<p>Tijdens een bijeenkomst met een notaris worden vaak stukken voorgelezen die zijn opgesteld in zeer formele juridische taal. Voor deze en vergelijkbare situaties hebt u een tolk nodig die goed op de hoogte is van de juridische terminologie in de brontaal en de doeltaal. Onze notaristolken hebben een juridische achtergrond en zijn be\u00ebdigd.  <\/p>\t\t\t\t\t\t\t\t<\/div>\n\t\t\t\t<\/div>\n\t\t\t\t<div class=\"elementor-element elementor-element-99d09fb elementor-widget__width-inherit elementor-widget elementor-widget-heading\" data-id=\"99d09fb\" data-element_type=\"widget\" data-e-type=\"widget\" data-widget_type=\"heading.default\">\n\t\t\t\t<div class=\"elementor-widget-container\">\n\t\t\t\t\t<h2 class=\"elementor-heading-title elementor-size-default\"> Tolken met kennis van zaken\n<\/h2>\t\t\t\t<\/div>\n\t\t\t\t<\/div>\n\t\t\t\t<div class=\"elementor-element elementor-element-0e5c04c elementor-widget elementor-widget-text-editor\" data-id=\"0e5c04c\" data-element_type=\"widget\" data-e-type=\"widget\" data-widget_type=\"text-editor.default\">\n\t\t\t\t<div class=\"elementor-widget-container\">\n\t\t\t\t\t\t\t\t\t<p>U hebt het meeste profijt van een tolk die bekend is met uw vakgebied. Daarom krijgt u altijd een tolk van wie het profiel zo goed mogelijk past bij uw specifieke situatie. Ons grote bestand van tolken geeft ons veel keus, waardoor wij u altijd de meest gekwalificeerde tolk kunnen leveren.  <\/p>\t\t\t\t\t\t\t\t<\/div>\n\t\t\t\t<\/div>\n\t\t\t\t<\/div>\n\t\t\t\t<\/div>\n\t\t\t\t<\/div>\n\t\t\t\t<\/div>\n\t\t\t\t<\/div>\n\t\t","protected":false},"excerpt":{"rendered":"<p>Een offerte aanvragen Home TOLKEN Een tolk van ETC Europe is uw beste keuze als het gaat om het vertalen van gesproken tekst. Onze tolken hebben een uitmuntende taalbeheersing, zijn zeer nauwkeurig en voelen zich thuis in elke situatie. Wij verzorgen bovendien alle logistieke aspecten voor u, zoals vervoer, apparatuur en tolkcabines. Verschillende soorten tolken [&hellip;]<\/p>\n","protected":false},"author":2,"featured_media":0,"parent":0,"menu_order":0,"comment_status":"closed","ping_status":"closed","template":"","meta":{"footnotes":""},"class_list":["post-455","page","type-page","status-publish","hentry"],"_links":{"self":[{"href":"https:\/\/etc-europe.eu\/nl\/wp-json\/wp\/v2\/pages\/455","targetHints":{"allow":["GET"]}}],"collection":[{"href":"https:\/\/etc-europe.eu\/nl\/wp-json\/wp\/v2\/pages"}],"about":[{"href":"https:\/\/etc-europe.eu\/nl\/wp-json\/wp\/v2\/types\/page"}],"author":[{"embeddable":true,"href":"https:\/\/etc-europe.eu\/nl\/wp-json\/wp\/v2\/users\/2"}],"replies":[{"embeddable":true,"href":"https:\/\/etc-europe.eu\/nl\/wp-json\/wp\/v2\/comments?post=455"}],"version-history":[{"count":3,"href":"https:\/\/etc-europe.eu\/nl\/wp-json\/wp\/v2\/pages\/455\/revisions"}],"predecessor-version":[{"id":479,"href":"https:\/\/etc-europe.eu\/nl\/wp-json\/wp\/v2\/pages\/455\/revisions\/479"}],"wp:attachment":[{"href":"https:\/\/etc-europe.eu\/nl\/wp-json\/wp\/v2\/media?parent=455"}],"curies":[{"name":"wp","href":"https:\/\/api.w.org\/{rel}","templated":true}]}}